{"id":565,"date":"2024-05-07T03:37:45","date_gmt":"2024-05-07T03:37:45","guid":{"rendered":"https:\/\/beslay.apercu.website\/?page_id=565"},"modified":"2024-11-29T11:24:05","modified_gmt":"2024-11-29T11:24:05","slug":"nous-rejoindre","status":"publish","type":"page","link":"https:\/\/beslay-rime.com\/en\/nous-rejoindre\/","title":{"rendered":"Join Us"},"content":{"rendered":"\t\t<div data-elementor-type=\"wp-page\" data-elementor-id=\"565\" class=\"elementor elementor-565\" data-elementor-post-type=\"page\">\n\t\t\t\t<div class=\"elementor-element elementor-element-6b36738 e-flex e-con-boxed e-con e-parent\" data-id=\"6b36738\" data-element_type=\"container\" data-settings=\"{&quot;background_background&quot;:&quot;classic&quot;,&quot;position&quot;:&quot;fixed&quot;}\">\n\t\t\t\t\t<div class=\"e-con-inner\">\n\t\t\t\t<div class=\"elementor-element elementor-element-35131bd animated-fast elementor-invisible elementor-widget elementor-widget-heading\" data-id=\"35131bd\" data-element_type=\"widget\" data-settings=\"{&quot;_animation&quot;:&quot;fadeInLeft&quot;}\" data-widget_type=\"heading.default\">\n\t\t\t\t<div class=\"elementor-widget-container\">\n\t\t\t<style>\/*! elementor - v3.22.0 - 26-06-2024 *\/\n.elementor-heading-title{padding:0;margin:0;line-height:1}.elementor-widget-heading .elementor-heading-title[class*=elementor-size-]>a{color:inherit;font-size:inherit;line-height:inherit}.elementor-widget-heading .elementor-heading-title.elementor-size-small{font-size:15px}.elementor-widget-heading .elementor-heading-title.elementor-size-medium{font-size:19px}.elementor-widget-heading .elementor-heading-title.elementor-size-large{font-size:29px}.elementor-widget-heading .elementor-heading-title.elementor-size-xl{font-size:39px}.elementor-widget-heading .elementor-heading-title.elementor-size-xxl{font-size:59px}<\/style><h1 class=\"elementor-heading-title elementor-size-default\">Nous rejoindre<\/h1>\t\t<\/div>\n\t\t\t\t<\/div>\n\t\t\t\t<div class=\"elementor-element elementor-element-f4e8735 elementor-absolute elementor-widget-mobile__width-auto animated-slow elementor-invisible elementor-widget elementor-widget-image\" data-id=\"f4e8735\" data-element_type=\"widget\" data-settings=\"{&quot;_position&quot;:&quot;absolute&quot;,&quot;_animation&quot;:&quot;zoomIn&quot;}\" data-widget_type=\"image.default\">\n\t\t\t\t<div class=\"elementor-widget-container\">\n\t\t\t<style>\/*! elementor - v3.22.0 - 26-06-2024 *\/\n.elementor-widget-image{text-align:center}.elementor-widget-image a{display:inline-block}.elementor-widget-image a img[src$=\".svg\"]{width:48px}.elementor-widget-image img{vertical-align:middle;display:inline-block}<\/style>\t\t\t\t\t\t\t\t\t\t<img decoding=\"async\" width=\"185\" height=\"172\" src=\"https:\/\/beslay-rime.com\/wp-content\/uploads\/2024\/05\/plus-img.png\" class=\"attachment-full size-full wp-image-569\" alt=\"\" \/>\t\t\t\t\t\t\t\t\t\t\t\t\t<\/div>\n\t\t\t\t<\/div>\n\t\t\t\t\t<\/div>\n\t\t\t\t<\/div>\n\t\t<div class=\"elementor-element elementor-element-865d9e8 e-flex e-con-boxed e-con e-parent\" data-id=\"865d9e8\" data-element_type=\"container\">\n\t\t\t\t\t<div class=\"e-con-inner\">\n\t\t\t\t\t<\/div>\n\t\t\t\t<\/div>\n\t\t<div class=\"elementor-element elementor-element-e0b34a1 e-flex e-con-boxed e-con e-parent\" data-id=\"e0b34a1\" data-element_type=\"container\" data-settings=\"{&quot;background_background&quot;:&quot;classic&quot;}\">\n\t\t\t\t\t<div class=\"e-con-inner\">\n\t\t<div class=\"elementor-element elementor-element-971a634 e-con-full e-flex e-con e-child\" data-id=\"971a634\" data-element_type=\"container\">\n\t\t\t\t<div class=\"elementor-element elementor-element-835643b elementor-widget elementor-widget-text-editor\" data-id=\"835643b\" data-element_type=\"widget\" data-widget_type=\"text-editor.default\">\n\t\t\t\t<div class=\"elementor-widget-container\">\n\t\t\t<style>\/*! elementor - v3.22.0 - 26-06-2024 *\/\n.elementor-widget-text-editor.elementor-drop-cap-view-stacked .elementor-drop-cap{background-color:#69727d;color:#fff}.elementor-widget-text-editor.elementor-drop-cap-view-framed .elementor-drop-cap{color:#69727d;border:3px solid;background-color:transparent}.elementor-widget-text-editor:not(.elementor-drop-cap-view-default) .elementor-drop-cap{margin-top:8px}.elementor-widget-text-editor:not(.elementor-drop-cap-view-default) .elementor-drop-cap-letter{width:1em;height:1em}.elementor-widget-text-editor .elementor-drop-cap{float:left;text-align:center;line-height:1;font-size:50px}.elementor-widget-text-editor .elementor-drop-cap-letter{display:inline-block}<\/style>\t\t\t\t<p>92 boulevard Malesherbes &#8211; 75008 Paris<\/p><p>T <a href=\"tel:+330184790090\">+33 (0)1 84 79 00 90<\/a><br \/>F <a href=\"tel:+330184108991\">+33 (0)1 84 10 89 91<\/a><\/p>\t\t\t\t\t\t<\/div>\n\t\t\t\t<\/div>\n\t\t\t\t<div class=\"elementor-element elementor-element-cf03830 elementor-icon-list--layout-traditional elementor-list-item-link-full_width elementor-widget elementor-widget-icon-list\" data-id=\"cf03830\" data-element_type=\"widget\" data-widget_type=\"icon-list.default\">\n\t\t\t\t<div class=\"elementor-widget-container\">\n\t\t\t<link rel=\"stylesheet\" href=\"https:\/\/beslay-rime.com\/wp-content\/uploads\/elementor\/css\/custom-widget-icon-list.min.css?ver=1724925273\">\t\t<ul class=\"elementor-icon-list-items\">\n\t\t\t\t\t\t\t<li class=\"elementor-icon-list-item\">\n\t\t\t\t\t\t\t\t\t\t\t<a href=\"#\">\n\n\t\t\t\t\t\t\t\t\t\t\t\t<span class=\"elementor-icon-list-icon\">\n\t\t\t\t\t\t\t<svg xmlns=\"http:\/\/www.w3.org\/2000\/svg\" width=\"40\" height=\"40\" viewBox=\"0 0 40 40\" fill=\"none\"><rect width=\"40\" height=\"40\" rx=\"20\" fill=\"#E22B69\"><\/rect><path d=\"M12.5725 16.8782H16.014V28.0631H12.5725V16.8782ZM14.4653 11.1997C15.4978 11.1997 16.5302 12.0601 16.5302 13.2646C16.5302 14.2971 15.6698 15.3295 14.4653 15.3295C13.4329 15.3295 12.4004 14.4691 12.4004 13.2646C12.4004 12.2322 13.2608 11.1997 14.4653 11.1997ZM18.251 28.0631H21.6925V22.5567C21.6925 21.1801 22.0366 19.6314 23.7574 19.6314C25.4781 19.6314 25.4781 21.3522 25.4781 22.5567V28.0631H28.9197V21.8684C28.9197 18.9431 28.2314 16.534 24.7898 16.534C23.0691 16.534 22.0366 17.3944 21.5204 18.2548V16.8782H18.251V28.0631Z\" fill=\"white\"><\/path><\/svg>\t\t\t\t\t\t<\/span>\n\t\t\t\t\t\t\t\t\t\t<span class=\"elementor-icon-list-text\">Nous suivre<\/span>\n\t\t\t\t\t\t\t\t\t\t\t<\/a>\n\t\t\t\t\t\t\t\t\t<\/li>\n\t\t\t\t\t\t<\/ul>\n\t\t\t\t<\/div>\n\t\t\t\t<\/div>\n\t\t\t\t<\/div>\n\t\t<div class=\"elementor-element elementor-element-360556f e-con-full e-flex e-con e-child\" data-id=\"360556f\" data-element_type=\"container\">\n\t\t\t\t<div class=\"elementor-element elementor-element-7858850 elementor-button-align-stretch elementor-widget elementor-widget-form\" data-id=\"7858850\" data-element_type=\"widget\" data-settings=\"{&quot;button_width&quot;:&quot;30&quot;,&quot;step_next_label&quot;:&quot;Next&quot;,&quot;step_previous_label&quot;:&quot;Previous&quot;,&quot;step_type&quot;:&quot;number_text&quot;,&quot;step_icon_shape&quot;:&quot;circle&quot;}\" data-widget_type=\"form.default\">\n\t\t\t\t<div class=\"elementor-widget-container\">\n\t\t\t<style>\/*! elementor-pro - v3.19.0 - 07-02-2024 *\/\n.elementor-button.elementor-hidden,.elementor-hidden{display:none}.e-form__step{width:100%}.e-form__step:not(.elementor-hidden){display:flex;flex-wrap:wrap}.e-form__buttons{flex-wrap:wrap}.e-form__buttons,.e-form__buttons__wrapper{display:flex}.e-form__indicators{display:flex;justify-content:space-between;align-items:center;flex-wrap:nowrap;font-size:13px;margin-bottom:var(--e-form-steps-indicators-spacing)}.e-form__indicators__indicator{display:flex;flex-direction:column;align-items:center;justify-content:center;flex-basis:0;padding:0 var(--e-form-steps-divider-gap)}.e-form__indicators__indicator__progress{width:100%;position:relative;background-color:var(--e-form-steps-indicator-progress-background-color);border-radius:var(--e-form-steps-indicator-progress-border-radius);overflow:hidden}.e-form__indicators__indicator__progress__meter{width:var(--e-form-steps-indicator-progress-meter-width,0);height:var(--e-form-steps-indicator-progress-height);line-height:var(--e-form-steps-indicator-progress-height);padding-right:15px;border-radius:var(--e-form-steps-indicator-progress-border-radius);background-color:var(--e-form-steps-indicator-progress-color);color:var(--e-form-steps-indicator-progress-meter-color);text-align:right;transition:width .1s linear}.e-form__indicators__indicator:first-child{padding-left:0}.e-form__indicators__indicator:last-child{padding-right:0}.e-form__indicators__indicator--state-inactive{color:var(--e-form-steps-indicator-inactive-primary-color,#c2cbd2)}.e-form__indicators__indicator--state-inactive [class*=indicator--shape-]:not(.e-form__indicators__indicator--shape-none){background-color:var(--e-form-steps-indicator-inactive-secondary-color,#fff)}.e-form__indicators__indicator--state-inactive object,.e-form__indicators__indicator--state-inactive svg{fill:var(--e-form-steps-indicator-inactive-primary-color,#c2cbd2)}.e-form__indicators__indicator--state-active{color:var(--e-form-steps-indicator-active-primary-color,#39b54a);border-color:var(--e-form-steps-indicator-active-secondary-color,#fff)}.e-form__indicators__indicator--state-active [class*=indicator--shape-]:not(.e-form__indicators__indicator--shape-none){background-color:var(--e-form-steps-indicator-active-secondary-color,#fff)}.e-form__indicators__indicator--state-active object,.e-form__indicators__indicator--state-active svg{fill:var(--e-form-steps-indicator-active-primary-color,#39b54a)}.e-form__indicators__indicator--state-completed{color:var(--e-form-steps-indicator-completed-secondary-color,#fff)}.e-form__indicators__indicator--state-completed [class*=indicator--shape-]:not(.e-form__indicators__indicator--shape-none){background-color:var(--e-form-steps-indicator-completed-primary-color,#39b54a)}.e-form__indicators__indicator--state-completed .e-form__indicators__indicator__label{color:var(--e-form-steps-indicator-completed-primary-color,#39b54a)}.e-form__indicators__indicator--state-completed .e-form__indicators__indicator--shape-none{color:var(--e-form-steps-indicator-completed-primary-color,#39b54a);background-color:initial}.e-form__indicators__indicator--state-completed object,.e-form__indicators__indicator--state-completed svg{fill:var(--e-form-steps-indicator-completed-secondary-color,#fff)}.e-form__indicators__indicator__icon{width:var(--e-form-steps-indicator-padding,30px);height:var(--e-form-steps-indicator-padding,30px);font-size:var(--e-form-steps-indicator-icon-size);border-width:1px;border-style:solid;display:flex;justify-content:center;align-items:center;overflow:hidden;margin-bottom:10px}.e-form__indicators__indicator__icon img,.e-form__indicators__indicator__icon object,.e-form__indicators__indicator__icon svg{width:var(--e-form-steps-indicator-icon-size);height:auto}.e-form__indicators__indicator__icon .e-font-icon-svg{height:1em}.e-form__indicators__indicator__number{width:var(--e-form-steps-indicator-padding,30px);height:var(--e-form-steps-indicator-padding,30px);border-width:1px;border-style:solid;display:flex;justify-content:center;align-items:center;margin-bottom:10px}.e-form__indicators__indicator--shape-circle{border-radius:50%}.e-form__indicators__indicator--shape-square{border-radius:0}.e-form__indicators__indicator--shape-rounded{border-radius:5px}.e-form__indicators__indicator--shape-none{border:0}.e-form__indicators__indicator__label{text-align:center}.e-form__indicators__indicator__separator{width:100%;height:var(--e-form-steps-divider-width);background-color:#babfc5}.e-form__indicators--type-icon,.e-form__indicators--type-icon_text,.e-form__indicators--type-number,.e-form__indicators--type-number_text{align-items:flex-start}.e-form__indicators--type-icon .e-form__indicators__indicator__separator,.e-form__indicators--type-icon_text .e-form__indicators__indicator__separator,.e-form__indicators--type-number .e-form__indicators__indicator__separator,.e-form__indicators--type-number_text .e-form__indicators__indicator__separator{margin-top:calc(var(--e-form-steps-indicator-padding, 30px) \/ 2 - var(--e-form-steps-divider-width, 1px) \/ 2)}.elementor-field-type-hidden{display:none}.elementor-field-type-html{display:inline-block}.elementor-field-type-tel input{direction:inherit}.elementor-login .elementor-lost-password,.elementor-login .elementor-remember-me{font-size:.85em}.elementor-field-type-recaptcha_v3 .elementor-field-label{display:none}.elementor-field-type-recaptcha_v3 .grecaptcha-badge{z-index:1}.elementor-button .elementor-form-spinner{order:3}.elementor-form .elementor-button>span{display:flex;justify-content:center;align-items:center}.elementor-form .elementor-button .elementor-button-text{white-space:normal;flex-grow:0}.elementor-form .elementor-button svg{height:auto}.elementor-form .elementor-button .e-font-icon-svg{height:1em}.elementor-select-wrapper .select-caret-down-wrapper{position:absolute;top:50%;transform:translateY(-50%);inset-inline-end:10px;pointer-events:none;font-size:11px}.elementor-select-wrapper .select-caret-down-wrapper svg{display:unset;width:1em;aspect-ratio:unset;fill:currentColor}.elementor-select-wrapper .select-caret-down-wrapper i{font-size:19px;line-height:2}.elementor-select-wrapper.remove-before:before{content:\"\"!important}<\/style>\t\t<form class=\"elementor-form\" method=\"post\" name=\"New Form\">\n\t\t\t<input type=\"hidden\" name=\"post_id\" value=\"565\"\/>\n\t\t\t<input type=\"hidden\" name=\"form_id\" value=\"7858850\"\/>\n\t\t\t<input type=\"hidden\" name=\"referer_title\" value=\"Beslay Rime\" \/>\n\n\t\t\t\n\t\t\t<div class=\"elementor-form-fields-wrapper elementor-labels-\">\n\t\t\t\t\t\t\t\t<div class=\"elementor-field-type-text elementor-field-group elementor-column elementor-field-group-name elementor-col-50\">\n\t\t\t\t\t\t\t\t\t\t\t\t<label for=\"form-field-name\" class=\"elementor-field-label elementor-screen-only\">\n\t\t\t\t\t\t\t\tVotre nom\t\t\t\t\t\t\t<\/label>\n\t\t\t\t\t\t\t\t\t\t\t\t\t\t<input size=\"1\" type=\"text\" name=\"form_fields[name]\" id=\"form-field-name\" class=\"elementor-field elementor-size-sm  elementor-field-textual\" placeholder=\"Votre nom\">\n\t\t\t\t\t\t\t\t\t\t\t<\/div>\n\t\t\t\t\t\t\t\t<div class=\"elementor-field-type-text elementor-field-group elementor-column elementor-field-group-field_afd54a3 elementor-col-50\">\n\t\t\t\t\t\t\t\t\t\t\t\t<label for=\"form-field-field_afd54a3\" class=\"elementor-field-label elementor-screen-only\">\n\t\t\t\t\t\t\t\tVotre Pr\u00e9nom\t\t\t\t\t\t\t<\/label>\n\t\t\t\t\t\t\t\t\t\t\t\t\t\t<input size=\"1\" type=\"text\" name=\"form_fields[field_afd54a3]\" id=\"form-field-field_afd54a3\" class=\"elementor-field elementor-size-sm  elementor-field-textual\" placeholder=\"Votre Pr\u00e9nom\">\n\t\t\t\t\t\t\t\t\t\t\t<\/div>\n\t\t\t\t\t\t\t\t<div class=\"elementor-field-type-email elementor-field-group elementor-column elementor-field-group-email elementor-col-100 elementor-field-required\">\n\t\t\t\t\t\t\t\t\t\t\t\t<label for=\"form-field-email\" class=\"elementor-field-label elementor-screen-only\">\n\t\t\t\t\t\t\t\tVotre email\t\t\t\t\t\t\t<\/label>\n\t\t\t\t\t\t\t\t\t\t\t\t\t\t<input size=\"1\" type=\"email\" name=\"form_fields[email]\" id=\"form-field-email\" class=\"elementor-field elementor-size-sm  elementor-field-textual\" placeholder=\"Votre email\" required=\"required\" aria-required=\"true\">\n\t\t\t\t\t\t\t\t\t\t\t<\/div>\n\t\t\t\t\t\t\t\t<div class=\"elementor-field-type-textarea elementor-field-group elementor-column elementor-field-group-message elementor-col-100\">\n\t\t\t\t\t\t\t\t\t\t\t\t<label for=\"form-field-message\" class=\"elementor-field-label elementor-screen-only\">\n\t\t\t\t\t\t\t\tMessage\t\t\t\t\t\t\t<\/label>\n\t\t\t\t\t\t<textarea class=\"elementor-field-textual elementor-field  elementor-size-sm\" name=\"form_fields[message]\" id=\"form-field-message\" rows=\"4\" placeholder=\"Message\"><\/textarea>\t\t\t\t<\/div>\n\t\t\t\t\t\t\t\t<div class=\"elementor-field-type-upload elementor-field-group elementor-column elementor-field-group-dp_file_upload elementor-col-100 elementor-field-required\">\n\t\t\t\t\t\t\t\t\t\t\t\t<label for=\"form-field-dp_file_upload\" class=\"elementor-field-label elementor-screen-only\">\n\t\t\t\t\t\t\t\tT\u00e9l\u00e9charger mes documents (CV et Lettre de motivation)\t\t\t\t\t\t\t<\/label>\n\t\t\t\t\t\t\t\t<input type=\"file\" name=\"form_fields[dp_file_upload][]\" id=\"form-field-dp_file_upload\" class=\"elementor-field elementor-size-sm  elementor-upload-field\" required=\"required\" aria-required=\"true\" multiple=\"multiple\">\n\n\t\t\t\t\t\t<\/div>\n\t\t\t\t\t\t\t\t<div class=\"elementor-field-type-html elementor-field-group elementor-column elementor-field-group-field_731cf4f elementor-col-70\">\n\t\t\t\t\tLes donn\u00e9es personnelles collect\u00e9es dans ce formulaire sont trait\u00e9es par le cabinet Beslay Rime dans le cadre de la demande de contact que vous sollicitez. Conform\u00e9ment \u00e0 la r\u00e9glementation applicable, vous disposez d\u2019un droit d\u2019acc\u00e8s, de rectification et de suppression de vos donn\u00e9es personnelles ainsi que d\u2019un droit de demander la portabilit\u00e9 de celles-ci. Vous pouvez \u00e9galement demander la limitation du traitement de vos donn\u00e9es personnelles. Vous pouvez exercer vos droits en nous adressant votre demande par e-mail \u00e0 l\u2019adresse \u00e9lectronique contact@beslay-rime.com ou par courrier \u00e0 l\u2019adresse : Cabinet Beslay Rime 92 boulevard Malesherbes 75008 PARIS. Plus d\u2019informations sur la protection de vos donn\u00e9es personnelles ici.\t\t\t\t<\/div>\n\t\t\t\t\t\t\t\t<div class=\"elementor-field-group elementor-column elementor-field-type-submit elementor-col-30 e-form__buttons\">\n\t\t\t\t\t<button type=\"submit\" class=\"elementor-button elementor-size-sm\">\n\t\t\t\t\t\t<span >\n\t\t\t\t\t\t\t\t\t\t\t\t\t\t\t<span class=\" elementor-button-icon\">\n\t\t\t\t\t\t\t\t\t\t\t\t\t\t\t\t\t\t\t\t\t\t\t\t\t\t<\/span>\n\t\t\t\t\t\t\t\t\t\t\t\t\t\t\t\t\t\t\t\t\t\t<span class=\"elementor-button-text\">Envoyer<\/span>\n\t\t\t\t\t\t\t\t\t\t\t\t\t<\/span>\n\t\t\t\t\t<\/button>\n\t\t\t\t<\/div>\n\t\t\t<\/div>\n\t\t<\/form>\n\t\t\t\t<\/div>\n\t\t\t\t<\/div>\n\t\t\t\t<\/div>\n\t\t\t\t\t<\/div>\n\t\t\t\t<\/div>\n\t\t\t\t<\/div>\n\t\t","protected":false},"excerpt":{"rendered":"<p>Nous rejoindre 92 boulevard Malesherbes &#8211; 75008 Paris T +33 (0)1 84 79 00 90F +33 (0)1 84 10 89 91 Nous suivre<\/p>","protected":false},"author":1,"featured_media":0,"parent":0,"menu_order":0,"comment_status":"closed","ping_status":"closed","template":"elementor_header_footer","meta":{"_acf_changed":false,"footnotes":""},"acf":[],"yoast_head":"<!-- This site is optimized with the Yoast SEO plugin v23.9 - https:\/\/yoast.com\/wordpress\/plugins\/seo\/ -->\n<title>Rejoignez Beslay Rime | Opportunit\u00e9s en sant\u00e9 et innovation<\/title>\n<meta name=\"description\" content=\"Int\u00e9grez une \u00e9quipe experte en sant\u00e9 et innovation. D\u00e9couvrez les postes disponibles et rejoignez le cabinet Beslay Rime pour d\u00e9velopper votre carri\u00e8re.\" \/>\n<meta name=\"robots\" content=\"index, follow, max-snippet:-1, max-image-preview:large, max-video-preview:-1\" \/>\n<link rel=\"canonical\" href=\"https:\/\/beslay-rime.com\/en\/nous-rejoindre\/\" \/>\n<meta property=\"og:locale\" content=\"en_US\" \/>\n<meta property=\"og:type\" content=\"article\" \/>\n<meta property=\"og:title\" content=\"Rejoignez Beslay Rime | Opportunit\u00e9s en sant\u00e9 et innovation\" \/>\n<meta property=\"og:description\" content=\"Int\u00e9grez une \u00e9quipe experte en sant\u00e9 et innovation. D\u00e9couvrez les postes disponibles et rejoignez le cabinet Beslay Rime pour d\u00e9velopper votre carri\u00e8re.\" \/>\n<meta property=\"og:url\" content=\"https:\/\/beslay-rime.com\/en\/nous-rejoindre\/\" \/>\n<meta property=\"og:site_name\" content=\"Beslay Rime\" \/>\n<meta property=\"article:modified_time\" content=\"2024-11-29T11:24:05+00:00\" \/>\n<meta property=\"og:image\" content=\"https:\/\/beslay-rime.com\/wp-content\/uploads\/2024\/05\/plus-img.png\" \/>\n<meta name=\"twitter:card\" content=\"summary_large_image\" \/>\n<meta name=\"twitter:label1\" content=\"Est. reading time\" \/>\n\t<meta name=\"twitter:data1\" content=\"1 minute\" \/>\n<script type=\"application\/ld+json\" class=\"yoast-schema-graph\">{\"@context\":\"https:\/\/schema.org\",\"@graph\":[{\"@type\":\"WebPage\",\"@id\":\"https:\/\/beslay-rime.com\/nous-rejoindre\/\",\"url\":\"https:\/\/beslay-rime.com\/nous-rejoindre\/\",\"name\":\"Rejoignez Beslay Rime | Opportunit\u00e9s en sant\u00e9 et innovation\",\"isPartOf\":{\"@id\":\"https:\/\/beslay-rime.com\/#website\"},\"primaryImageOfPage\":{\"@id\":\"https:\/\/beslay-rime.com\/nous-rejoindre\/#primaryimage\"},\"image\":{\"@id\":\"https:\/\/beslay-rime.com\/nous-rejoindre\/#primaryimage\"},\"thumbnailUrl\":\"https:\/\/beslay-rime.com\/wp-content\/uploads\/2024\/05\/plus-img.png\",\"datePublished\":\"2024-05-07T03:37:45+00:00\",\"dateModified\":\"2024-11-29T11:24:05+00:00\",\"description\":\"Int\u00e9grez une \u00e9quipe experte en sant\u00e9 et innovation. D\u00e9couvrez les postes disponibles et rejoignez le cabinet Beslay Rime pour d\u00e9velopper votre carri\u00e8re.\",\"breadcrumb\":{\"@id\":\"https:\/\/beslay-rime.com\/nous-rejoindre\/#breadcrumb\"},\"inLanguage\":\"en-US\",\"potentialAction\":[{\"@type\":\"ReadAction\",\"target\":[\"https:\/\/beslay-rime.com\/nous-rejoindre\/\"]}]},{\"@type\":\"ImageObject\",\"inLanguage\":\"en-US\",\"@id\":\"https:\/\/beslay-rime.com\/nous-rejoindre\/#primaryimage\",\"url\":\"https:\/\/beslay-rime.com\/wp-content\/uploads\/2024\/05\/plus-img.png\",\"contentUrl\":\"https:\/\/beslay-rime.com\/wp-content\/uploads\/2024\/05\/plus-img.png\"},{\"@type\":\"BreadcrumbList\",\"@id\":\"https:\/\/beslay-rime.com\/nous-rejoindre\/#breadcrumb\",\"itemListElement\":[{\"@type\":\"ListItem\",\"position\":1,\"name\":\"Accueil\",\"item\":\"https:\/\/beslay-rime.com\/\"},{\"@type\":\"ListItem\",\"position\":2,\"name\":\"Nous rejoindre\"}]},{\"@type\":\"WebSite\",\"@id\":\"https:\/\/beslay-rime.com\/#website\",\"url\":\"https:\/\/beslay-rime.com\/\",\"name\":\"Beslay Rime\",\"description\":\"\",\"publisher\":{\"@id\":\"https:\/\/beslay-rime.com\/#organization\"},\"potentialAction\":[{\"@type\":\"SearchAction\",\"target\":{\"@type\":\"EntryPoint\",\"urlTemplate\":\"https:\/\/beslay-rime.com\/?s={search_term_string}\"},\"query-input\":{\"@type\":\"PropertyValueSpecification\",\"valueRequired\":true,\"valueName\":\"search_term_string\"}}],\"inLanguage\":\"en-US\"},{\"@type\":\"Organization\",\"@id\":\"https:\/\/beslay-rime.com\/#organization\",\"name\":\"Beslay Rime\",\"url\":\"https:\/\/beslay-rime.com\/\",\"logo\":{\"@type\":\"ImageObject\",\"inLanguage\":\"en-US\",\"@id\":\"https:\/\/beslay-rime.com\/#\/schema\/logo\/image\/\",\"url\":\"https:\/\/beslay-rime.com\/wp-content\/uploads\/2024\/04\/logo.svg\",\"contentUrl\":\"https:\/\/beslay-rime.com\/wp-content\/uploads\/2024\/04\/logo.svg\",\"width\":106,\"height\":50,\"caption\":\"Beslay Rime\"},\"image\":{\"@id\":\"https:\/\/beslay-rime.com\/#\/schema\/logo\/image\/\"}}]}<\/script>\n<!-- \/ Yoast SEO plugin. -->","yoast_head_json":{"title":"Rejoignez Beslay Rime | Opportunit\u00e9s en sant\u00e9 et innovation","description":"Int\u00e9grez une \u00e9quipe experte en sant\u00e9 et innovation. D\u00e9couvrez les postes disponibles et rejoignez le cabinet Beslay Rime pour d\u00e9velopper votre carri\u00e8re.","robots":{"index":"index","follow":"follow","max-snippet":"max-snippet:-1","max-image-preview":"max-image-preview:large","max-video-preview":"max-video-preview:-1"},"canonical":"https:\/\/beslay-rime.com\/en\/nous-rejoindre\/","og_locale":"en_US","og_type":"article","og_title":"Rejoignez Beslay Rime | Opportunit\u00e9s en sant\u00e9 et innovation","og_description":"Int\u00e9grez une \u00e9quipe experte en sant\u00e9 et innovation. D\u00e9couvrez les postes disponibles et rejoignez le cabinet Beslay Rime pour d\u00e9velopper votre carri\u00e8re.","og_url":"https:\/\/beslay-rime.com\/en\/nous-rejoindre\/","og_site_name":"Beslay Rime","article_modified_time":"2024-11-29T11:24:05+00:00","og_image":[{"url":"https:\/\/beslay-rime.com\/wp-content\/uploads\/2024\/05\/plus-img.png"}],"twitter_card":"summary_large_image","twitter_misc":{"Est. reading time":"1 minute"},"schema":{"@context":"https:\/\/schema.org","@graph":[{"@type":"WebPage","@id":"https:\/\/beslay-rime.com\/nous-rejoindre\/","url":"https:\/\/beslay-rime.com\/nous-rejoindre\/","name":"Rejoignez Beslay Rime | Opportunit\u00e9s en sant\u00e9 et innovation","isPartOf":{"@id":"https:\/\/beslay-rime.com\/#website"},"primaryImageOfPage":{"@id":"https:\/\/beslay-rime.com\/nous-rejoindre\/#primaryimage"},"image":{"@id":"https:\/\/beslay-rime.com\/nous-rejoindre\/#primaryimage"},"thumbnailUrl":"https:\/\/beslay-rime.com\/wp-content\/uploads\/2024\/05\/plus-img.png","datePublished":"2024-05-07T03:37:45+00:00","dateModified":"2024-11-29T11:24:05+00:00","description":"Int\u00e9grez une \u00e9quipe experte en sant\u00e9 et innovation. D\u00e9couvrez les postes disponibles et rejoignez le cabinet Beslay Rime pour d\u00e9velopper votre carri\u00e8re.","breadcrumb":{"@id":"https:\/\/beslay-rime.com\/nous-rejoindre\/#breadcrumb"},"inLanguage":"en-US","potentialAction":[{"@type":"ReadAction","target":["https:\/\/beslay-rime.com\/nous-rejoindre\/"]}]},{"@type":"ImageObject","inLanguage":"en-US","@id":"https:\/\/beslay-rime.com\/nous-rejoindre\/#primaryimage","url":"https:\/\/beslay-rime.com\/wp-content\/uploads\/2024\/05\/plus-img.png","contentUrl":"https:\/\/beslay-rime.com\/wp-content\/uploads\/2024\/05\/plus-img.png"},{"@type":"BreadcrumbList","@id":"https:\/\/beslay-rime.com\/nous-rejoindre\/#breadcrumb","itemListElement":[{"@type":"ListItem","position":1,"name":"Accueil","item":"https:\/\/beslay-rime.com\/"},{"@type":"ListItem","position":2,"name":"Nous rejoindre"}]},{"@type":"WebSite","@id":"https:\/\/beslay-rime.com\/#website","url":"https:\/\/beslay-rime.com\/","name":"Beslay Rime","description":"","publisher":{"@id":"https:\/\/beslay-rime.com\/#organization"},"potentialAction":[{"@type":"SearchAction","target":{"@type":"EntryPoint","urlTemplate":"https:\/\/beslay-rime.com\/?s={search_term_string}"},"query-input":{"@type":"PropertyValueSpecification","valueRequired":true,"valueName":"search_term_string"}}],"inLanguage":"en-US"},{"@type":"Organization","@id":"https:\/\/beslay-rime.com\/#organization","name":"Beslay Rime","url":"https:\/\/beslay-rime.com\/","logo":{"@type":"ImageObject","inLanguage":"en-US","@id":"https:\/\/beslay-rime.com\/#\/schema\/logo\/image\/","url":"https:\/\/beslay-rime.com\/wp-content\/uploads\/2024\/04\/logo.svg","contentUrl":"https:\/\/beslay-rime.com\/wp-content\/uploads\/2024\/04\/logo.svg","width":106,"height":50,"caption":"Beslay Rime"},"image":{"@id":"https:\/\/beslay-rime.com\/#\/schema\/logo\/image\/"}}]}},"_links":{"self":[{"href":"https:\/\/beslay-rime.com\/en\/wp-json\/wp\/v2\/pages\/565"}],"collection":[{"href":"https:\/\/beslay-rime.com\/en\/wp-json\/wp\/v2\/pages"}],"about":[{"href":"https:\/\/beslay-rime.com\/en\/wp-json\/wp\/v2\/types\/page"}],"author":[{"embeddable":true,"href":"https:\/\/beslay-rime.com\/en\/wp-json\/wp\/v2\/users\/1"}],"replies":[{"embeddable":true,"href":"https:\/\/beslay-rime.com\/en\/wp-json\/wp\/v2\/comments?post=565"}],"version-history":[{"count":1,"href":"https:\/\/beslay-rime.com\/en\/wp-json\/wp\/v2\/pages\/565\/revisions"}],"predecessor-version":[{"id":2057,"href":"https:\/\/beslay-rime.com\/en\/wp-json\/wp\/v2\/pages\/565\/revisions\/2057"}],"wp:attachment":[{"href":"https:\/\/beslay-rime.com\/en\/wp-json\/wp\/v2\/media?parent=565"}],"curies":[{"name":"wp","href":"https:\/\/api.w.org\/{rel}","templated":true}]}}