{"id":1327,"date":"2024-06-06T11:52:53","date_gmt":"2024-06-06T11:52:53","guid":{"rendered":"https:\/\/beslay.apercu.website\/?page_id=1327"},"modified":"2024-09-30T08:31:53","modified_gmt":"2024-09-30T08:31:53","slug":"mentions-legales","status":"publish","type":"page","link":"https:\/\/beslay-rime.com\/en\/mentions-legales\/","title":{"rendered":"Legal Notice"},"content":{"rendered":"\t\t<div data-elementor-type=\"wp-page\" data-elementor-id=\"1327\" class=\"elementor elementor-1327\" data-elementor-post-type=\"page\">\n\t\t\t\t<div class=\"elementor-element elementor-element-436e167d e-flex e-con-boxed e-con e-parent\" data-id=\"436e167d\" data-element_type=\"container\">\n\t\t\t\t\t<div class=\"e-con-inner\">\n\t\t\t\t<div class=\"elementor-element elementor-element-eafec70 elementor-widget elementor-widget-heading\" data-id=\"eafec70\" data-element_type=\"widget\" data-widget_type=\"heading.default\">\n\t\t\t\t<div class=\"elementor-widget-container\">\n\t\t\t<style>\/*! elementor - v3.22.0 - 26-06-2024 *\/\n.elementor-heading-title{padding:0;margin:0;line-height:1}.elementor-widget-heading .elementor-heading-title[class*=elementor-size-]>a{color:inherit;font-size:inherit;line-height:inherit}.elementor-widget-heading .elementor-heading-title.elementor-size-small{font-size:15px}.elementor-widget-heading .elementor-heading-title.elementor-size-medium{font-size:19px}.elementor-widget-heading .elementor-heading-title.elementor-size-large{font-size:29px}.elementor-widget-heading .elementor-heading-title.elementor-size-xl{font-size:39px}.elementor-widget-heading .elementor-heading-title.elementor-size-xxl{font-size:59px}<\/style><h2 class=\"elementor-heading-title elementor-size-default\">MENTIONS LEGALES<\/h2>\t\t<\/div>\n\t\t\t\t<\/div>\n\t\t\t\t<div class=\"elementor-element elementor-element-9fccd4a elementor-widget elementor-widget-text-editor\" data-id=\"9fccd4a\" data-element_type=\"widget\" data-widget_type=\"text-editor.default\">\n\t\t\t\t<div class=\"elementor-widget-container\">\n\t\t\t<style>\/*! elementor - v3.22.0 - 26-06-2024 *\/\n.elementor-widget-text-editor.elementor-drop-cap-view-stacked .elementor-drop-cap{background-color:#69727d;color:#fff}.elementor-widget-text-editor.elementor-drop-cap-view-framed .elementor-drop-cap{color:#69727d;border:3px solid;background-color:transparent}.elementor-widget-text-editor:not(.elementor-drop-cap-view-default) .elementor-drop-cap{margin-top:8px}.elementor-widget-text-editor:not(.elementor-drop-cap-view-default) .elementor-drop-cap-letter{width:1em;height:1em}.elementor-widget-text-editor .elementor-drop-cap{float:left;text-align:center;line-height:1;font-size:50px}.elementor-widget-text-editor .elementor-drop-cap-letter{display:inline-block}<\/style>\t\t\t\t<!-- wp:paragraph -->\n<p style=\"font-weight: 400;\"><strong>\u00c9diteur du site<\/strong><\/p>\n<p style=\"font-weight: 400;\">Le pr\u00e9sent site\u00a0<a href=\"https:\/\/beslay-rime.com\/\" data-saferedirecturl=\"https:\/\/www.google.com\/url?q=http:\/\/www.beslay-rime.com&amp;source=gmail&amp;ust=1721209695040000&amp;usg=AOvVaw2Te6Al9lLcwrVqVtDWQ35k\">internet<\/a>\u00a0est \u00e9dit\u00e9 par la SELASU Beslay Avocats, repr\u00e9sent\u00e9e par Nathalie Beslay en qualit\u00e9 de Pr\u00e9sident, immatricul\u00e9e au RCS de Paris sous le num\u00e9ro 901 165\u00a0688 dont le si\u00e8ge social est situ\u00e9 92 boulevard Malesherbes 75008 Paris.<\/p>\n<p style=\"font-weight: 400;\">Num\u00e9ro de TVA intracommunautaire : FR85901165688<\/p>\n<p style=\"font-weight: 400;\">\u00a0<\/p>\n<p style=\"font-weight: 400;\"><strong>H\u00e9bergeur du site<\/strong><\/p>\n<p data-block-key=\"l569v\">Le propri\u00e9taire, h\u00e9bergeur et \u00e9diteur de ce site web est la soci\u00e9t\u00e9 de droit fran\u00e7ais Gandi SAS, Soci\u00e9t\u00e9 par Actions Simplifi\u00e9e au capital de 630000 \u20ac ayant son si\u00e8ge social au :<\/p>\n<p data-block-key=\"aae3h\">63-65 boulevard Mass\u00e9na Paris (75013) FRANCE<br \/>Siren 423 093 459 RCS PARIS<br \/>n. de TVA FR81423093459<br \/>Tel +33 (0) 1 70.37.76.61<br \/>Fax +33. (0) 1 43 73 18 51<\/p>\n<p>\u00a0<\/p>\n<p style=\"font-weight: 400;\"><strong>Responsable de la publication<\/strong><\/p>\n<p style=\"font-weight: 400;\">Le Directeur de la publication est Nathalie Beslay<\/p>\n<p>\u00a0<\/p>\n<p style=\"font-weight: 400;\"><strong>Responsable de la r\u00e9daction<\/strong><\/p>\n<p style=\"font-weight: 400;\">Le Directeur de la r\u00e9daction est Nathalie Beslay<\/p>\n<!-- \/wp:paragraph -->\t\t\t\t\t\t<\/div>\n\t\t\t\t<\/div>\n\t\t\t\t\t<\/div>\n\t\t\t\t<\/div>\n\t\t\t\t<\/div>\n\t\t","protected":false},"excerpt":{"rendered":"<p>MENTIONS LEGALES \u00c9diteur du site Le pr\u00e9sent site\u00a0internet\u00a0est \u00e9dit\u00e9 par la SELASU Beslay Avocats, repr\u00e9sent\u00e9e par Nathalie Beslay en qualit\u00e9 de Pr\u00e9sident, immatricul\u00e9e au RCS de Paris sous le num\u00e9ro 901 165\u00a0688 dont le si\u00e8ge social est situ\u00e9 92 boulevard Malesherbes 75008 Paris. Num\u00e9ro de TVA intracommunautaire : FR85901165688 \u00a0 H\u00e9bergeur du site Le propri\u00e9taire, [&hellip;]<\/p>\n","protected":false},"author":1,"featured_media":0,"parent":0,"menu_order":0,"comment_status":"closed","ping_status":"closed","template":"elementor_header_footer","meta":{"_acf_changed":false,"footnotes":""},"acf":[],"yoast_head":"<!-- This site is optimized with the Yoast SEO plugin v23.9 - https:\/\/yoast.com\/wordpress\/plugins\/seo\/ -->\n<title>Mentions L\u00e9gales - Beslay Rime<\/title>\n<meta name=\"robots\" content=\"index, follow, max-snippet:-1, max-image-preview:large, max-video-preview:-1\" \/>\n<link rel=\"canonical\" href=\"https:\/\/beslay-rime.com\/en\/mentions-legales\/\" \/>\n<meta property=\"og:locale\" content=\"en_US\" \/>\n<meta property=\"og:type\" content=\"article\" \/>\n<meta property=\"og:title\" content=\"Mentions L\u00e9gales - Beslay Rime\" \/>\n<meta property=\"og:description\" content=\"MENTIONS LEGALES \u00c9diteur du site Le pr\u00e9sent site\u00a0internet\u00a0est \u00e9dit\u00e9 par la SELASU Beslay Avocats, repr\u00e9sent\u00e9e par Nathalie Beslay en qualit\u00e9 de Pr\u00e9sident, immatricul\u00e9e au RCS de Paris sous le num\u00e9ro 901 165\u00a0688 dont le si\u00e8ge social est situ\u00e9 92 boulevard Malesherbes 75008 Paris. Num\u00e9ro de TVA intracommunautaire : FR85901165688 \u00a0 H\u00e9bergeur du site Le propri\u00e9taire, [&hellip;]\" \/>\n<meta property=\"og:url\" content=\"https:\/\/beslay-rime.com\/en\/mentions-legales\/\" \/>\n<meta property=\"og:site_name\" content=\"Beslay Rime\" \/>\n<meta property=\"article:modified_time\" content=\"2024-09-30T08:31:53+00:00\" \/>\n<meta name=\"twitter:card\" content=\"summary_large_image\" \/>\n<meta name=\"twitter:label1\" content=\"Est. reading time\" \/>\n\t<meta name=\"twitter:data1\" content=\"1 minute\" \/>\n<script type=\"application\/ld+json\" class=\"yoast-schema-graph\">{\"@context\":\"https:\/\/schema.org\",\"@graph\":[{\"@type\":\"WebPage\",\"@id\":\"https:\/\/beslay-rime.com\/mentions-legales\/\",\"url\":\"https:\/\/beslay-rime.com\/mentions-legales\/\",\"name\":\"Mentions L\u00e9gales - Beslay Rime\",\"isPartOf\":{\"@id\":\"https:\/\/beslay-rime.com\/#website\"},\"datePublished\":\"2024-06-06T11:52:53+00:00\",\"dateModified\":\"2024-09-30T08:31:53+00:00\",\"breadcrumb\":{\"@id\":\"https:\/\/beslay-rime.com\/mentions-legales\/#breadcrumb\"},\"inLanguage\":\"en-US\",\"potentialAction\":[{\"@type\":\"ReadAction\",\"target\":[\"https:\/\/beslay-rime.com\/mentions-legales\/\"]}]},{\"@type\":\"BreadcrumbList\",\"@id\":\"https:\/\/beslay-rime.com\/mentions-legales\/#breadcrumb\",\"itemListElement\":[{\"@type\":\"ListItem\",\"position\":1,\"name\":\"Accueil\",\"item\":\"https:\/\/beslay-rime.com\/\"},{\"@type\":\"ListItem\",\"position\":2,\"name\":\"Mentions L\u00e9gales\"}]},{\"@type\":\"WebSite\",\"@id\":\"https:\/\/beslay-rime.com\/#website\",\"url\":\"https:\/\/beslay-rime.com\/\",\"name\":\"Beslay Rime\",\"description\":\"\",\"publisher\":{\"@id\":\"https:\/\/beslay-rime.com\/#organization\"},\"potentialAction\":[{\"@type\":\"SearchAction\",\"target\":{\"@type\":\"EntryPoint\",\"urlTemplate\":\"https:\/\/beslay-rime.com\/?s={search_term_string}\"},\"query-input\":{\"@type\":\"PropertyValueSpecification\",\"valueRequired\":true,\"valueName\":\"search_term_string\"}}],\"inLanguage\":\"en-US\"},{\"@type\":\"Organization\",\"@id\":\"https:\/\/beslay-rime.com\/#organization\",\"name\":\"Beslay Rime\",\"url\":\"https:\/\/beslay-rime.com\/\",\"logo\":{\"@type\":\"ImageObject\",\"inLanguage\":\"en-US\",\"@id\":\"https:\/\/beslay-rime.com\/#\/schema\/logo\/image\/\",\"url\":\"https:\/\/beslay-rime.com\/wp-content\/uploads\/2024\/04\/logo.svg\",\"contentUrl\":\"https:\/\/beslay-rime.com\/wp-content\/uploads\/2024\/04\/logo.svg\",\"width\":106,\"height\":50,\"caption\":\"Beslay Rime\"},\"image\":{\"@id\":\"https:\/\/beslay-rime.com\/#\/schema\/logo\/image\/\"}}]}<\/script>\n<!-- \/ Yoast SEO plugin. -->","yoast_head_json":{"title":"Mentions L\u00e9gales - Beslay Rime","robots":{"index":"index","follow":"follow","max-snippet":"max-snippet:-1","max-image-preview":"max-image-preview:large","max-video-preview":"max-video-preview:-1"},"canonical":"https:\/\/beslay-rime.com\/en\/mentions-legales\/","og_locale":"en_US","og_type":"article","og_title":"Mentions L\u00e9gales - Beslay Rime","og_description":"MENTIONS LEGALES \u00c9diteur du site Le pr\u00e9sent site\u00a0internet\u00a0est \u00e9dit\u00e9 par la SELASU Beslay Avocats, repr\u00e9sent\u00e9e par Nathalie Beslay en qualit\u00e9 de Pr\u00e9sident, immatricul\u00e9e au RCS de Paris sous le num\u00e9ro 901 165\u00a0688 dont le si\u00e8ge social est situ\u00e9 92 boulevard Malesherbes 75008 Paris. Num\u00e9ro de TVA intracommunautaire : FR85901165688 \u00a0 H\u00e9bergeur du site Le propri\u00e9taire, [&hellip;]","og_url":"https:\/\/beslay-rime.com\/en\/mentions-legales\/","og_site_name":"Beslay Rime","article_modified_time":"2024-09-30T08:31:53+00:00","twitter_card":"summary_large_image","twitter_misc":{"Est. reading time":"1 minute"},"schema":{"@context":"https:\/\/schema.org","@graph":[{"@type":"WebPage","@id":"https:\/\/beslay-rime.com\/mentions-legales\/","url":"https:\/\/beslay-rime.com\/mentions-legales\/","name":"Mentions L\u00e9gales - Beslay Rime","isPartOf":{"@id":"https:\/\/beslay-rime.com\/#website"},"datePublished":"2024-06-06T11:52:53+00:00","dateModified":"2024-09-30T08:31:53+00:00","breadcrumb":{"@id":"https:\/\/beslay-rime.com\/mentions-legales\/#breadcrumb"},"inLanguage":"en-US","potentialAction":[{"@type":"ReadAction","target":["https:\/\/beslay-rime.com\/mentions-legales\/"]}]},{"@type":"BreadcrumbList","@id":"https:\/\/beslay-rime.com\/mentions-legales\/#breadcrumb","itemListElement":[{"@type":"ListItem","position":1,"name":"Accueil","item":"https:\/\/beslay-rime.com\/"},{"@type":"ListItem","position":2,"name":"Mentions L\u00e9gales"}]},{"@type":"WebSite","@id":"https:\/\/beslay-rime.com\/#website","url":"https:\/\/beslay-rime.com\/","name":"Beslay Rime","description":"","publisher":{"@id":"https:\/\/beslay-rime.com\/#organization"},"potentialAction":[{"@type":"SearchAction","target":{"@type":"EntryPoint","urlTemplate":"https:\/\/beslay-rime.com\/?s={search_term_string}"},"query-input":{"@type":"PropertyValueSpecification","valueRequired":true,"valueName":"search_term_string"}}],"inLanguage":"en-US"},{"@type":"Organization","@id":"https:\/\/beslay-rime.com\/#organization","name":"Beslay Rime","url":"https:\/\/beslay-rime.com\/","logo":{"@type":"ImageObject","inLanguage":"en-US","@id":"https:\/\/beslay-rime.com\/#\/schema\/logo\/image\/","url":"https:\/\/beslay-rime.com\/wp-content\/uploads\/2024\/04\/logo.svg","contentUrl":"https:\/\/beslay-rime.com\/wp-content\/uploads\/2024\/04\/logo.svg","width":106,"height":50,"caption":"Beslay Rime"},"image":{"@id":"https:\/\/beslay-rime.com\/#\/schema\/logo\/image\/"}}]}},"_links":{"self":[{"href":"https:\/\/beslay-rime.com\/en\/wp-json\/wp\/v2\/pages\/1327"}],"collection":[{"href":"https:\/\/beslay-rime.com\/en\/wp-json\/wp\/v2\/pages"}],"about":[{"href":"https:\/\/beslay-rime.com\/en\/wp-json\/wp\/v2\/types\/page"}],"author":[{"embeddable":true,"href":"https:\/\/beslay-rime.com\/en\/wp-json\/wp\/v2\/users\/1"}],"replies":[{"embeddable":true,"href":"https:\/\/beslay-rime.com\/en\/wp-json\/wp\/v2\/comments?post=1327"}],"version-history":[{"count":6,"href":"https:\/\/beslay-rime.com\/en\/wp-json\/wp\/v2\/pages\/1327\/revisions"}],"predecessor-version":[{"id":2049,"href":"https:\/\/beslay-rime.com\/en\/wp-json\/wp\/v2\/pages\/1327\/revisions\/2049"}],"wp:attachment":[{"href":"https:\/\/beslay-rime.com\/en\/wp-json\/wp\/v2\/media?parent=1327"}],"curies":[{"name":"wp","href":"https:\/\/api.w.org\/{rel}","templated":true}]}}